{"id":1061,"date":"2022-12-22T21:59:46","date_gmt":"2022-12-22T20:59:46","guid":{"rendered":"https:\/\/racingtech.fr\/?page_id=1061"},"modified":"2023-03-20T10:21:12","modified_gmt":"2023-03-20T09:21:12","slug":"news-3","status":"publish","type":"page","link":"https:\/\/racingtech.fr\/?page_id=1061","title":{"rendered":"News"},"content":{"rendered":"\t\t<div data-elementor-type=\"wp-page\" data-elementor-id=\"1061\" class=\"elementor elementor-1061\" data-elementor-post-type=\"page\">\n\t\t\t\t\t\t<section class=\"elementor-section elementor-top-section elementor-element elementor-element-2e29653 elementor-section-boxed elementor-section-height-default elementor-section-height-default\" data-id=\"2e29653\" data-element_type=\"section\" data-e-type=\"section\">\n\t\t\t\t\t\t<div class=\"elementor-container elementor-column-gap-default\">\n\t\t\t\t\t<div class=\"elementor-column elementor-col-100 elementor-top-column elementor-element elementor-element-7a18ceb\" data-id=\"7a18ceb\" data-element_type=\"column\" data-e-type=\"column\">\n\t\t\t<div class=\"elementor-widget-wrap elementor-element-populated\">\n\t\t\t\t\t\t<div class=\"elementor-element elementor-element-36a25c5 elementor-grid-3 elementor-grid-tablet-2 elementor-grid-mobile-1 elementor-posts--thumbnail-top elementor-posts--show-avatar elementor-card-shadow-yes elementor-posts__hover-gradient elementor-widget elementor-widget-posts\" data-id=\"36a25c5\" data-element_type=\"widget\" data-e-type=\"widget\" data-settings=\"{&quot;cards_columns&quot;:&quot;3&quot;,&quot;cards_columns_tablet&quot;:&quot;2&quot;,&quot;cards_columns_mobile&quot;:&quot;1&quot;,&quot;cards_row_gap&quot;:{&quot;unit&quot;:&quot;px&quot;,&quot;size&quot;:35,&quot;sizes&quot;:[]},&quot;cards_row_gap_tablet&quot;:{&quot;unit&quot;:&quot;px&quot;,&quot;size&quot;:&quot;&quot;,&quot;sizes&quot;:[]},&quot;cards_row_gap_mobile&quot;:{&quot;unit&quot;:&quot;px&quot;,&quot;size&quot;:&quot;&quot;,&quot;sizes&quot;:[]}}\" data-widget_type=\"posts.cards\">\n\t\t\t\t<div class=\"elementor-widget-container\">\n\t\t\t\t\t\t\t<div class=\"elementor-posts-container elementor-posts elementor-posts--skin-cards elementor-grid\" role=\"list\">\n\t\t\t\t<article class=\"elementor-post elementor-grid-item post-1545 post type-post status-publish format-standard has-post-thumbnail hentry category-pedalier category-simracing\" role=\"listitem\">\n\t\t\t<div class=\"elementor-post__card\">\n\t\t\t\t<a class=\"elementor-post__thumbnail__link\" href=\"https:\/\/racingtech.fr\/?p=1545\" tabindex=\"-1\" ><div class=\"elementor-post__thumbnail\"><img fetchpriority=\"high\" decoding=\"async\" width=\"300\" height=\"225\" src=\"https:\/\/racingtech.fr\/wp-content\/uploads\/2023\/09\/simucube-300x225.jpg\" class=\"attachment-medium size-medium wp-image-1546\" alt=\"\" srcset=\"https:\/\/racingtech.fr\/wp-content\/uploads\/2023\/09\/simucube-300x225.jpg 300w, https:\/\/racingtech.fr\/wp-content\/uploads\/2023\/09\/simucube-1024x768.jpg 1024w, https:\/\/racingtech.fr\/wp-content\/uploads\/2023\/09\/simucube-768x576.jpg 768w, https:\/\/racingtech.fr\/wp-content\/uploads\/2023\/09\/simucube-1536x1152.jpg 1536w, https:\/\/racingtech.fr\/wp-content\/uploads\/2023\/09\/simucube-2048x1536.jpg 2048w\" sizes=\"(max-width: 300px) 100vw, 300px\" \/><\/div><\/a>\n\t\t\t\t<div class=\"elementor-post__avatar\">\n\t\t\t<img alt='Lilian' src='https:\/\/secure.gravatar.com\/avatar\/769c3a96b61519d28fa84cdbd6c0bf23fc978d3332f29db7e2546a0768087589?s=128&#038;d=mm&#038;r=g' srcset='https:\/\/secure.gravatar.com\/avatar\/769c3a96b61519d28fa84cdbd6c0bf23fc978d3332f29db7e2546a0768087589?s=256&#038;d=mm&#038;r=g 2x' class='avatar avatar-128 photo' height='128' width='128' \/>\t\t<\/div>\n\t\t\t\t<div class=\"elementor-post__text\">\n\t\t\t\t<h3 class=\"elementor-post__title\">\n\t\t\t<a href=\"https:\/\/racingtech.fr\/?p=1545\" >\n\t\t\t\tIl est l\u00e0\t\t\t<\/a>\n\t\t<\/h3>\n\t\t\t\t<div class=\"elementor-post__excerpt\">\n\t\t\t<p>Il est l\u00e0 le colis tant attendu. Command\u00e9 sur le site de simucube lundi matin il est d\u00e9j\u00e0 arriv\u00e9 \u00e0 la maison. L&rsquo;unboxing tr\u00e8s bient\u00f4t sur le site \ud83d\ude42<\/p>\n\t\t<\/div>\n\t\t\n\t\t<a class=\"elementor-post__read-more\" href=\"https:\/\/racingtech.fr\/?p=1545\" aria-label=\"En savoir plus sur Il est l\u00e0\" tabindex=\"-1\" >\n\t\t\tLire la suite \u00bb\t\t<\/a>\n\n\t\t\t\t<\/div>\n\t\t\t\t<div class=\"elementor-post__meta-data\">\n\t\t\t\t\t<span class=\"elementor-post-date\">\n\t\t\t27 septembre 2023\t\t<\/span>\n\t\t\t\t<span class=\"elementor-post-avatar\">\n\t\t\tAucun commentaire\t\t<\/span>\n\t\t\t\t<\/div>\n\t\t\t\t\t<\/div>\n\t\t<\/article>\n\t\t\t\t<article class=\"elementor-post elementor-grid-item post-1478 post type-post status-publish format-standard has-post-thumbnail hentry category-hardware category-watercooling tag-realiser-son-watercooling-custom tag-watercooling-custom\" role=\"listitem\">\n\t\t\t<div class=\"elementor-post__card\">\n\t\t\t\t<a class=\"elementor-post__thumbnail__link\" href=\"https:\/\/racingtech.fr\/?p=1478\" tabindex=\"-1\" ><div class=\"elementor-post__thumbnail\"><img decoding=\"async\" width=\"300\" height=\"225\" src=\"https:\/\/racingtech.fr\/wp-content\/uploads\/2023\/05\/IMG_1466-300x225.jpg\" class=\"attachment-medium size-medium wp-image-1491\" alt=\"\" srcset=\"https:\/\/racingtech.fr\/wp-content\/uploads\/2023\/05\/IMG_1466-300x225.jpg 300w, https:\/\/racingtech.fr\/wp-content\/uploads\/2023\/05\/IMG_1466.jpg 640w\" sizes=\"(max-width: 300px) 100vw, 300px\" \/><\/div><\/a>\n\t\t\t\t<div class=\"elementor-post__avatar\">\n\t\t\t<img alt='Lilian' src='https:\/\/secure.gravatar.com\/avatar\/769c3a96b61519d28fa84cdbd6c0bf23fc978d3332f29db7e2546a0768087589?s=128&#038;d=mm&#038;r=g' srcset='https:\/\/secure.gravatar.com\/avatar\/769c3a96b61519d28fa84cdbd6c0bf23fc978d3332f29db7e2546a0768087589?s=256&#038;d=mm&#038;r=g 2x' class='avatar avatar-128 photo' height='128' width='128' \/>\t\t<\/div>\n\t\t\t\t<div class=\"elementor-post__text\">\n\t\t\t\t<h3 class=\"elementor-post__title\">\n\t\t\t<a href=\"https:\/\/racingtech.fr\/?p=1478\" >\n\t\t\t\tWatercooling #1 D\u00e9montage\t\t\t<\/a>\n\t\t<\/h3>\n\t\t\t\t<div class=\"elementor-post__excerpt\">\n\t\t\t<p>#1 D\u00e9montage et purge Premi\u00e8re \u00e9tape de la modification de mon watercooling custom avec l&rsquo;ajout du refroidissement du processeur en plus de la carte graphique. Le d\u00e9montage de l&rsquo;existant Nous allons garder de l&rsquo;existant les 2 tubes en bas de l&rsquo;installation qui partent de la pompe pour rentrer par le bas dans la carte graphique<\/p>\n\t\t<\/div>\n\t\t\n\t\t<a class=\"elementor-post__read-more\" href=\"https:\/\/racingtech.fr\/?p=1478\" aria-label=\"En savoir plus sur Watercooling #1 D\u00e9montage\" tabindex=\"-1\" >\n\t\t\tLire la suite \u00bb\t\t<\/a>\n\n\t\t\t\t<\/div>\n\t\t\t\t<div class=\"elementor-post__meta-data\">\n\t\t\t\t\t<span class=\"elementor-post-date\">\n\t\t\t23 mai 2023\t\t<\/span>\n\t\t\t\t<span class=\"elementor-post-avatar\">\n\t\t\tAucun commentaire\t\t<\/span>\n\t\t\t\t<\/div>\n\t\t\t\t\t<\/div>\n\t\t<\/article>\n\t\t\t\t<article class=\"elementor-post elementor-grid-item post-1467 post type-post status-publish format-standard has-post-thumbnail hentry category-hardware category-watercooling tag-watercooling-custom\" role=\"listitem\">\n\t\t\t<div class=\"elementor-post__card\">\n\t\t\t\t<a class=\"elementor-post__thumbnail__link\" href=\"https:\/\/racingtech.fr\/?p=1467\" tabindex=\"-1\" ><div class=\"elementor-post__thumbnail\"><img decoding=\"async\" width=\"297\" height=\"300\" src=\"https:\/\/racingtech.fr\/wp-content\/uploads\/2023\/05\/waterblock-297x300.jpg\" class=\"attachment-medium size-medium wp-image-1474\" alt=\"\" srcset=\"https:\/\/racingtech.fr\/wp-content\/uploads\/2023\/05\/waterblock-297x300.jpg 297w, https:\/\/racingtech.fr\/wp-content\/uploads\/2023\/05\/waterblock-1013x1024.jpg 1013w, https:\/\/racingtech.fr\/wp-content\/uploads\/2023\/05\/waterblock-768x776.jpg 768w, https:\/\/racingtech.fr\/wp-content\/uploads\/2023\/05\/waterblock.jpg 1155w\" sizes=\"(max-width: 297px) 100vw, 297px\" \/><\/div><\/a>\n\t\t\t\t<div class=\"elementor-post__avatar\">\n\t\t\t<img alt='Lilian' src='https:\/\/secure.gravatar.com\/avatar\/769c3a96b61519d28fa84cdbd6c0bf23fc978d3332f29db7e2546a0768087589?s=128&#038;d=mm&#038;r=g' srcset='https:\/\/secure.gravatar.com\/avatar\/769c3a96b61519d28fa84cdbd6c0bf23fc978d3332f29db7e2546a0768087589?s=256&#038;d=mm&#038;r=g 2x' class='avatar avatar-128 photo' height='128' width='128' \/>\t\t<\/div>\n\t\t\t\t<div class=\"elementor-post__text\">\n\t\t\t\t<h3 class=\"elementor-post__title\">\n\t\t\t<a href=\"https:\/\/racingtech.fr\/?p=1467\" >\n\t\t\t\tR\u00e9ception du mat\u00e9riel &#8211; watercooling custom cpu\t\t\t<\/a>\n\t\t<\/h3>\n\t\t\t\t<div class=\"elementor-post__excerpt\">\n\t\t\t<p>Les \u00e9l\u00e9ments n\u00e9cessaires \u00e0 l&rsquo;\u00e9volution de mon watercooling custom sont arriv\u00e9s. La mise \u00e0 niveau va bient\u00f4t pouvoir commencer. Le d\u00e9tail de ces \u00e9l\u00e9ments<\/p>\n\t\t<\/div>\n\t\t\n\t\t<a class=\"elementor-post__read-more\" href=\"https:\/\/racingtech.fr\/?p=1467\" aria-label=\"En savoir plus sur R\u00e9ception du mat\u00e9riel &#8211; watercooling custom cpu\" tabindex=\"-1\" >\n\t\t\tLire la suite \u00bb\t\t<\/a>\n\n\t\t\t\t<\/div>\n\t\t\t\t<div class=\"elementor-post__meta-data\">\n\t\t\t\t\t<span class=\"elementor-post-date\">\n\t\t\t20 mai 2023\t\t<\/span>\n\t\t\t\t<span class=\"elementor-post-avatar\">\n\t\t\tAucun commentaire\t\t<\/span>\n\t\t\t\t<\/div>\n\t\t\t\t\t<\/div>\n\t\t<\/article>\n\t\t\t\t<article class=\"elementor-post elementor-grid-item post-1448 post type-post status-publish format-standard has-post-thumbnail hentry category-hardware category-watercooling tag-watercooling-custom\" role=\"listitem\">\n\t\t\t<div class=\"elementor-post__card\">\n\t\t\t\t<a class=\"elementor-post__thumbnail__link\" href=\"https:\/\/racingtech.fr\/?p=1448\" tabindex=\"-1\" ><div class=\"elementor-post__thumbnail\"><img loading=\"lazy\" decoding=\"async\" width=\"300\" height=\"225\" src=\"https:\/\/racingtech.fr\/wp-content\/uploads\/2023\/05\/IMG_1450-300x225.jpg\" class=\"attachment-medium size-medium wp-image-1450\" alt=\"\" srcset=\"https:\/\/racingtech.fr\/wp-content\/uploads\/2023\/05\/IMG_1450-300x225.jpg 300w, https:\/\/racingtech.fr\/wp-content\/uploads\/2023\/05\/IMG_1450-1024x768.jpg 1024w, https:\/\/racingtech.fr\/wp-content\/uploads\/2023\/05\/IMG_1450-768x576.jpg 768w, https:\/\/racingtech.fr\/wp-content\/uploads\/2023\/05\/IMG_1450-1536x1152.jpg 1536w, https:\/\/racingtech.fr\/wp-content\/uploads\/2023\/05\/IMG_1450-2048x1536.jpg 2048w\" sizes=\"(max-width: 300px) 100vw, 300px\" \/><\/div><\/a>\n\t\t\t\t<div class=\"elementor-post__avatar\">\n\t\t\t<img alt='Lilian' src='https:\/\/secure.gravatar.com\/avatar\/769c3a96b61519d28fa84cdbd6c0bf23fc978d3332f29db7e2546a0768087589?s=128&#038;d=mm&#038;r=g' srcset='https:\/\/secure.gravatar.com\/avatar\/769c3a96b61519d28fa84cdbd6c0bf23fc978d3332f29db7e2546a0768087589?s=256&#038;d=mm&#038;r=g 2x' class='avatar avatar-128 photo' height='128' width='128' \/>\t\t<\/div>\n\t\t\t\t<div class=\"elementor-post__text\">\n\t\t\t\t<h3 class=\"elementor-post__title\">\n\t\t\t<a href=\"https:\/\/racingtech.fr\/?p=1448\" >\n\t\t\t\tBient\u00f4t une \u00e9volution de mon watercooling&#8230;\t\t\t<\/a>\n\t\t<\/h3>\n\t\t\t\t<div class=\"elementor-post__excerpt\">\n\t\t\t<p>Je viens de recevoir le premier \u00e9l\u00e9ment qui va constituer une \u00e9volution de mon watercooling custom. En effet depuis mon changement de processeur vers une AMD 5800x, mon watercooling AIO corsair n&rsquo;arrive plus \u00e0 suivre, et la temp\u00e9rature du processeur flirte souvent avec les 90\u00b0 En pr\u00e9vision de l&rsquo;\u00e9t\u00e9 qui approche j&rsquo;ai d\u00e9cid\u00e9 de faire<\/p>\n\t\t<\/div>\n\t\t\n\t\t<a class=\"elementor-post__read-more\" href=\"https:\/\/racingtech.fr\/?p=1448\" aria-label=\"En savoir plus sur Bient\u00f4t une \u00e9volution de mon watercooling&#8230;\" tabindex=\"-1\" >\n\t\t\tLire la suite \u00bb\t\t<\/a>\n\n\t\t\t\t<\/div>\n\t\t\t\t<div class=\"elementor-post__meta-data\">\n\t\t\t\t\t<span class=\"elementor-post-date\">\n\t\t\t18 mai 2023\t\t<\/span>\n\t\t\t\t<span class=\"elementor-post-avatar\">\n\t\t\tAucun commentaire\t\t<\/span>\n\t\t\t\t<\/div>\n\t\t\t\t\t<\/div>\n\t\t<\/article>\n\t\t\t\t<article class=\"elementor-post elementor-grid-item post-1375 post type-post status-publish format-standard has-post-thumbnail hentry category-material category-non-classe-en category-simracing\" role=\"listitem\">\n\t\t\t<div class=\"elementor-post__card\">\n\t\t\t\t<a class=\"elementor-post__thumbnail__link\" href=\"https:\/\/racingtech.fr\/?p=1375&#038;lang=en\" tabindex=\"-1\" ><div class=\"elementor-post__thumbnail\"><img loading=\"lazy\" decoding=\"async\" width=\"300\" height=\"251\" src=\"https:\/\/racingtech.fr\/wp-content\/uploads\/2022\/12\/activepedal-300x251.png\" class=\"attachment-medium size-medium wp-image-819\" alt=\"\" srcset=\"https:\/\/racingtech.fr\/wp-content\/uploads\/2022\/12\/activepedal-300x251.png 300w, https:\/\/racingtech.fr\/wp-content\/uploads\/2022\/12\/activepedal-768x642.png 768w, https:\/\/racingtech.fr\/wp-content\/uploads\/2022\/12\/activepedal.png 1009w\" sizes=\"(max-width: 300px) 100vw, 300px\" \/><\/div><\/a>\n\t\t\t\t<div class=\"elementor-post__avatar\">\n\t\t\t<img alt='Lilian' src='https:\/\/secure.gravatar.com\/avatar\/769c3a96b61519d28fa84cdbd6c0bf23fc978d3332f29db7e2546a0768087589?s=128&#038;d=mm&#038;r=g' srcset='https:\/\/secure.gravatar.com\/avatar\/769c3a96b61519d28fa84cdbd6c0bf23fc978d3332f29db7e2546a0768087589?s=256&#038;d=mm&#038;r=g 2x' class='avatar avatar-128 photo' height='128' width='128' \/>\t\t<\/div>\n\t\t\t\t<div class=\"elementor-post__text\">\n\t\t\t\t<h3 class=\"elementor-post__title\">\n\t\t\t<a href=\"https:\/\/racingtech.fr\/?p=1375&amp;lang=en\" >\n\t\t\t\tSimucube ActivePedal at an amazing price\t\t\t<\/a>\n\t\t<\/h3>\n\t\t\t\t<div class=\"elementor-post__excerpt\">\n\t\t\t<p>The news has finally come. The price of the new Simucube pedal is also to die for, but from his chair. Indeed it will be necessary to pay the modest sum of 2400 \u20ac for the purchase of a single pedal. 4425 \u20ac to have 2, which is still the minimum to do simracing&#8230; 6392<\/p>\n\t\t<\/div>\n\t\t\n\t\t<a class=\"elementor-post__read-more\" href=\"https:\/\/racingtech.fr\/?p=1375&#038;lang=en\" aria-label=\"En savoir plus sur Simucube ActivePedal at an amazing price\" tabindex=\"-1\" >\n\t\t\tLire la suite \u00bb\t\t<\/a>\n\n\t\t\t\t<\/div>\n\t\t\t\t<div class=\"elementor-post__meta-data\">\n\t\t\t\t\t<span class=\"elementor-post-date\">\n\t\t\t18 f\u00e9vrier 2023\t\t<\/span>\n\t\t\t\t<span class=\"elementor-post-avatar\">\n\t\t\tAucun commentaire\t\t<\/span>\n\t\t\t\t<\/div>\n\t\t\t\t\t<\/div>\n\t\t<\/article>\n\t\t\t\t<article class=\"elementor-post elementor-grid-item post-827 post type-post status-publish format-standard has-post-thumbnail hentry category-nouveaute category-pedalier category-simracing tag-activepedal tag-iracing tag-simracing tag-simucube\" role=\"listitem\">\n\t\t\t<div class=\"elementor-post__card\">\n\t\t\t\t<a class=\"elementor-post__thumbnail__link\" href=\"https:\/\/racingtech.fr\/?p=827\" tabindex=\"-1\" ><div class=\"elementor-post__thumbnail\"><img loading=\"lazy\" decoding=\"async\" width=\"300\" height=\"251\" src=\"https:\/\/racingtech.fr\/wp-content\/uploads\/2022\/12\/activepedal-300x251.png\" class=\"attachment-medium size-medium wp-image-819\" alt=\"\" srcset=\"https:\/\/racingtech.fr\/wp-content\/uploads\/2022\/12\/activepedal-300x251.png 300w, https:\/\/racingtech.fr\/wp-content\/uploads\/2022\/12\/activepedal-768x642.png 768w, https:\/\/racingtech.fr\/wp-content\/uploads\/2022\/12\/activepedal.png 1009w\" sizes=\"(max-width: 300px) 100vw, 300px\" \/><\/div><\/a>\n\t\t\t\t<div class=\"elementor-post__avatar\">\n\t\t\t<img alt='Lilian' src='https:\/\/secure.gravatar.com\/avatar\/769c3a96b61519d28fa84cdbd6c0bf23fc978d3332f29db7e2546a0768087589?s=128&#038;d=mm&#038;r=g' srcset='https:\/\/secure.gravatar.com\/avatar\/769c3a96b61519d28fa84cdbd6c0bf23fc978d3332f29db7e2546a0768087589?s=256&#038;d=mm&#038;r=g 2x' class='avatar avatar-128 photo' height='128' width='128' \/>\t\t<\/div>\n\t\t\t\t<div class=\"elementor-post__text\">\n\t\t\t\t<h3 class=\"elementor-post__title\">\n\t\t\t<a href=\"https:\/\/racingtech.fr\/?p=827\" >\n\t\t\t\tSimucube ActivePedal un prix hallucinant\t\t\t<\/a>\n\t\t<\/h3>\n\t\t\t\t<div class=\"elementor-post__excerpt\">\n\t\t\t<p>Le prix des nouvelles p\u00e9dales simcube. Il faut \u00eatre assis avant de lire la suite &#8230;<\/p>\n\t\t<\/div>\n\t\t\n\t\t<a class=\"elementor-post__read-more\" href=\"https:\/\/racingtech.fr\/?p=827\" aria-label=\"En savoir plus sur Simucube ActivePedal un prix hallucinant\" tabindex=\"-1\" >\n\t\t\tLire la suite \u00bb\t\t<\/a>\n\n\t\t\t\t<\/div>\n\t\t\t\t<div class=\"elementor-post__meta-data\">\n\t\t\t\t\t<span class=\"elementor-post-date\">\n\t\t\t12 d\u00e9cembre 2022\t\t<\/span>\n\t\t\t\t<span class=\"elementor-post-avatar\">\n\t\t\tAucun commentaire\t\t<\/span>\n\t\t\t\t<\/div>\n\t\t\t\t\t<\/div>\n\t\t<\/article>\n\t\t\t\t<\/div>\n\t\t\n\t\t\t\t\t\t<\/div>\n\t\t\t\t<\/div>\n\t\t\t\t\t<\/div>\n\t\t<\/div>\n\t\t\t\t\t<\/div>\n\t\t<\/section>\n\t\t\t\t<\/div>\n\t\t","protected":false},"excerpt":{"rendered":"","protected":false},"author":1,"featured_media":0,"parent":0,"menu_order":0,"comment_status":"closed","ping_status":"closed","template":"","meta":{"om_disable_all_campaigns":false,"_monsterinsights_skip_tracking":false,"_monsterinsights_sitenote_active":false,"_monsterinsights_sitenote_note":"","_monsterinsights_sitenote_category":0,"site-sidebar-layout":"no-sidebar","site-content-layout":"page-builder","ast-site-content-layout":"default","site-content-style":"default","site-sidebar-style":"default","ast-global-header-display":"","ast-banner-title-visibility":"","ast-main-header-display":"","ast-hfb-above-header-display":"","ast-hfb-below-header-display":"","ast-hfb-mobile-header-display":"","site-post-title":"disabled","ast-breadcrumbs-content":"","ast-featured-img":"disabled","footer-sml-layout":"","ast-disable-related-posts":"","theme-transparent-header-meta":"enabled","adv-header-id-meta":"","stick-header-meta":"","header-above-stick-meta":"","header-main-stick-meta":"","header-below-stick-meta":"","astra-migrate-meta-layouts":"default","ast-page-background-enabled":"default","ast-page-background-meta":{"desktop":{"background-color":"","background-image":"","background-repeat":"repeat","background-position":"center center","background-size":"auto","background-attachment":"scroll","background-type":"","background-media":"","overlay-type":"","overlay-color":"","overlay-opacity":"","overlay-gradient":""},"tablet":{"background-color":"","background-image":"","background-repeat":"repeat","background-position":"center center","background-size":"auto","background-attachment":"scroll","background-type":"","background-media":"","overlay-type":"","overlay-color":"","overlay-opacity":"","overlay-gradient":""},"mobile":{"background-color":"","background-image":"","background-repeat":"repeat","background-position":"center center","background-size":"auto","background-attachment":"scroll","background-type":"","background-media":"","overlay-type":"","overlay-color":"","overlay-opacity":"","overlay-gradient":""}},"ast-content-background-meta":{"desktop":{"background-color":"var(--ast-global-color-5)","background-image":"","background-repeat":"repeat","background-position":"center center","background-size":"auto","background-attachment":"scroll","background-type":"","background-media":"","overlay-type":"","overlay-color":"","overlay-opacity":"","overlay-gradient":""},"tablet":{"background-color":"var(--ast-global-color-5)","background-image":"","background-repeat":"repeat","background-position":"center center","background-size":"auto","background-attachment":"scroll","background-type":"","background-media":"","overlay-type":"","overlay-color":"","overlay-opacity":"","overlay-gradient":""},"mobile":{"background-color":"var(--ast-global-color-5)","background-image":"","background-repeat":"repeat","background-position":"center center","background-size":"auto","background-attachment":"scroll","background-type":"","background-media":"","overlay-type":"","overlay-color":"","overlay-opacity":"","overlay-gradient":""}},"footnotes":""},"class_list":["post-1061","page","type-page","status-publish","hentry"],"aioseo_notices":[],"_links":{"self":[{"href":"https:\/\/racingtech.fr\/index.php?rest_route=\/wp\/v2\/pages\/1061","targetHints":{"allow":["GET"]}}],"collection":[{"href":"https:\/\/racingtech.fr\/index.php?rest_route=\/wp\/v2\/pages"}],"about":[{"href":"https:\/\/racingtech.fr\/index.php?rest_route=\/wp\/v2\/types\/page"}],"author":[{"embeddable":true,"href":"https:\/\/racingtech.fr\/index.php?rest_route=\/wp\/v2\/users\/1"}],"replies":[{"embeddable":true,"href":"https:\/\/racingtech.fr\/index.php?rest_route=%2Fwp%2Fv2%2Fcomments&post=1061"}],"version-history":[{"count":25,"href":"https:\/\/racingtech.fr\/index.php?rest_route=\/wp\/v2\/pages\/1061\/revisions"}],"predecessor-version":[{"id":1440,"href":"https:\/\/racingtech.fr\/index.php?rest_route=\/wp\/v2\/pages\/1061\/revisions\/1440"}],"wp:attachment":[{"href":"https:\/\/racingtech.fr\/index.php?rest_route=%2Fwp%2Fv2%2Fmedia&parent=1061"}],"curies":[{"name":"wp","href":"https:\/\/api.w.org\/{rel}","templated":true}]}}