{"id":933,"date":"2020-08-04T03:00:03","date_gmt":"2020-08-04T03:00:03","guid":{"rendered":"https:\/\/racingtech.fr\/home-2\/"},"modified":"2022-12-26T15:48:00","modified_gmt":"2022-12-26T14:48:00","slug":"home-2","status":"publish","type":"page","link":"https:\/\/racingtech.fr\/","title":{"rendered":"Accueil"},"content":{"rendered":"\t\t<div data-elementor-type=\"wp-page\" data-elementor-id=\"933\" class=\"elementor elementor-933\" data-elementor-post-type=\"page\">\n\t\t\t\t\t\t<section class=\"elementor-section elementor-top-section elementor-element elementor-element-b5479bf elementor-section-boxed elementor-section-height-default elementor-section-height-default\" data-id=\"b5479bf\" data-element_type=\"section\" data-e-type=\"section\">\n\t\t\t\t\t\t<div class=\"elementor-container elementor-column-gap-default\">\n\t\t\t\t\t<div class=\"elementor-column elementor-col-100 elementor-top-column elementor-element elementor-element-8d7d377\" data-id=\"8d7d377\" data-element_type=\"column\" data-e-type=\"column\">\n\t\t\t<div class=\"elementor-widget-wrap elementor-element-populated\">\n\t\t\t\t\t\t<div class=\"elementor-element elementor-element-ea588d2 elementor-widget elementor-widget-heading\" data-id=\"ea588d2\" data-element_type=\"widget\" data-e-type=\"widget\" data-widget_type=\"heading.default\">\n\t\t\t\t<div class=\"elementor-widget-container\">\n\t\t\t\t\t<h2 class=\"elementor-heading-title elementor-size-default\">Nos derni\u00e8res news<\/h2>\t\t\t\t<\/div>\n\t\t\t\t<\/div>\n\t\t\t\t\t<\/div>\n\t\t<\/div>\n\t\t\t\t\t<\/div>\n\t\t<\/section>\n\t\t\t\t<section class=\"elementor-section elementor-top-section elementor-element elementor-element-0bc1988 elementor-section-boxed elementor-section-height-default elementor-section-height-default\" data-id=\"0bc1988\" data-element_type=\"section\" data-e-type=\"section\">\n\t\t\t\t\t\t<div class=\"elementor-container elementor-column-gap-default\">\n\t\t\t\t\t<div class=\"elementor-column elementor-col-100 elementor-top-column elementor-element elementor-element-31cf6dd\" data-id=\"31cf6dd\" data-element_type=\"column\" data-e-type=\"column\">\n\t\t\t<div class=\"elementor-widget-wrap elementor-element-populated\">\n\t\t\t\t\t\t<div class=\"elementor-element elementor-element-310d0b2 elementor-grid-eael-col-3 elementor-grid-tablet-eael-col-2 elementor-grid-mobile-eael-col-1 elementor-widget elementor-widget-eael-post-grid\" data-id=\"310d0b2\" data-element_type=\"widget\" data-e-type=\"widget\" data-settings=\"{&quot;eael_post_grid_columns&quot;:&quot;eael-col-3&quot;,&quot;eael_post_grid_columns_tablet&quot;:&quot;eael-col-2&quot;,&quot;eael_post_grid_columns_mobile&quot;:&quot;eael-col-1&quot;}\" data-widget_type=\"eael-post-grid.default\">\n\t\t\t\t<div class=\"elementor-widget-container\">\n\t\t\t\t\t<div id=\"eael-post-grid-310d0b2\" class=\"eael-post-grid-container\">\n            <div class=\"eael-post-grid eael-post-appender eael-post-appender-310d0b2 eael-post-grid-style-two\" data-layout-mode=\"masonry\"><article class=\"eael-grid-post  eael-post-grid-column eael-pg-post-1545 category-pedalier-simracing\" data-id=\"1545\">\n    <div class=\"eael-grid-post-holder\">\n        <div class=\"eael-grid-post-holder-inner\"><div class=\"eael-entry-media\"><div class=\"eael-entry-overlay fade-in\"><i class=\"fas fa-long-arrow-alt-right\" aria-hidden=\"true\"><\/i><a href=\"https:\/\/racingtech.fr\/?p=1545\"><\/a><\/div><div class=\"eael-entry-thumbnail \">\n                            <img fetchpriority=\"high\" decoding=\"async\" width=\"300\" height=\"225\" src=\"https:\/\/racingtech.fr\/wp-content\/uploads\/2023\/09\/simucube-300x225.jpg\" class=\"attachment-medium size-medium wp-image-1546\" alt=\"\" srcset=\"https:\/\/racingtech.fr\/wp-content\/uploads\/2023\/09\/simucube-300x225.jpg 300w, https:\/\/racingtech.fr\/wp-content\/uploads\/2023\/09\/simucube-1024x768.jpg 1024w, https:\/\/racingtech.fr\/wp-content\/uploads\/2023\/09\/simucube-768x576.jpg 768w, https:\/\/racingtech.fr\/wp-content\/uploads\/2023\/09\/simucube-1536x1152.jpg 1536w, https:\/\/racingtech.fr\/wp-content\/uploads\/2023\/09\/simucube-2048x1536.jpg 2048w\" sizes=\"(max-width: 300px) 100vw, 300px\" \/>\n                            <\/div>\n                    <\/div><div class=\"eael-entry-wrapper\"><header class=\"eael-entry-header\"><h2 class=\"eael-entry-title\"><a class=\"eael-grid-post-link\" href=\"https:\/\/racingtech.fr\/?p=1545\" title=\"Il est l\u00e0\">Il est l\u00e0<\/a><\/h2><\/header><div class=\"eael-entry-content\">\n                                <div class=\"eael-grid-post-excerpt\"><p>Il est l\u00e0 le colis tant attendu. Command\u00e9 sur le...<\/p><a href=\"https:\/\/racingtech.fr\/?p=1545\" class=\"eael-post-elements-readmore-btn\">Lire la suite \u00bb<\/a><\/div>\n                            <\/div><div class=\"eael-entry-header-after style-two\"><div class=\"eael-author-avatar\"><a href=\"https:\/\/racingtech.fr\/?author=1\"><img alt='Lilian' src='https:\/\/secure.gravatar.com\/avatar\/769c3a96b61519d28fa84cdbd6c0bf23fc978d3332f29db7e2546a0768087589?s=96&#038;d=mm&#038;r=g' srcset='https:\/\/secure.gravatar.com\/avatar\/769c3a96b61519d28fa84cdbd6c0bf23fc978d3332f29db7e2546a0768087589?s=192&#038;d=mm&#038;r=g 2x' class='avatar avatar-96 photo' height='96' width='96' \/><\/a><\/div><div class=\"eael-entry-meta\"><span class=\"eael-posted-by style-two-footer\"><a href=\"https:\/\/racingtech.fr\/?author=1\" title=\"Posts by Lilian\" rel=\"author\">Lilian<\/a><\/span><span class=\"eael-meta-posted-on\"><i class=\"far fa-clock\"><\/i><time datetime=\"27 septembre 2023\">27 septembre 2023<\/time><\/span><\/div><\/div><\/div><\/div>\n    <\/div>\n<\/article><article class=\"eael-grid-post  eael-post-grid-column eael-pg-post-1478 category-hardware-watercooling tags-realiser-son-watercooling-custom-watercooling-custom\" data-id=\"1478\">\n    <div class=\"eael-grid-post-holder\">\n        <div class=\"eael-grid-post-holder-inner\"><div class=\"eael-entry-media\"><div class=\"eael-entry-overlay fade-in\"><i class=\"fas fa-long-arrow-alt-right\" aria-hidden=\"true\"><\/i><a href=\"https:\/\/racingtech.fr\/?p=1478\"><\/a><\/div><div class=\"eael-entry-thumbnail \">\n                            <img decoding=\"async\" width=\"300\" height=\"225\" src=\"https:\/\/racingtech.fr\/wp-content\/uploads\/2023\/05\/IMG_1466-300x225.jpg\" class=\"attachment-medium size-medium wp-image-1491\" alt=\"\" srcset=\"https:\/\/racingtech.fr\/wp-content\/uploads\/2023\/05\/IMG_1466-300x225.jpg 300w, https:\/\/racingtech.fr\/wp-content\/uploads\/2023\/05\/IMG_1466.jpg 640w\" sizes=\"(max-width: 300px) 100vw, 300px\" \/>\n                            <\/div>\n                    <\/div><div class=\"eael-entry-wrapper\"><header class=\"eael-entry-header\"><h2 class=\"eael-entry-title\"><a class=\"eael-grid-post-link\" href=\"https:\/\/racingtech.fr\/?p=1478\" title=\"Watercooling #1 D\u00e9montage\">Watercooling #1 D\u00e9montage<\/a><\/h2><\/header><div class=\"eael-entry-content\">\n                                <div class=\"eael-grid-post-excerpt\"><p>#1 D\u00e9montage et purge Premi\u00e8re \u00e9tape de la modification de...<\/p><a href=\"https:\/\/racingtech.fr\/?p=1478\" class=\"eael-post-elements-readmore-btn\">Lire la suite \u00bb<\/a><\/div>\n                            <\/div><div class=\"eael-entry-header-after style-two\"><div class=\"eael-author-avatar\"><a href=\"https:\/\/racingtech.fr\/?author=1\"><img alt='Lilian' src='https:\/\/secure.gravatar.com\/avatar\/769c3a96b61519d28fa84cdbd6c0bf23fc978d3332f29db7e2546a0768087589?s=96&#038;d=mm&#038;r=g' srcset='https:\/\/secure.gravatar.com\/avatar\/769c3a96b61519d28fa84cdbd6c0bf23fc978d3332f29db7e2546a0768087589?s=192&#038;d=mm&#038;r=g 2x' class='avatar avatar-96 photo' height='96' width='96' \/><\/a><\/div><div class=\"eael-entry-meta\"><span class=\"eael-posted-by style-two-footer\"><a href=\"https:\/\/racingtech.fr\/?author=1\" title=\"Posts by Lilian\" rel=\"author\">Lilian<\/a><\/span><span class=\"eael-meta-posted-on\"><i class=\"far fa-clock\"><\/i><time datetime=\"23 mai 2023\">23 mai 2023<\/time><\/span><\/div><\/div><\/div><\/div>\n    <\/div>\n<\/article><article class=\"eael-grid-post  eael-post-grid-column eael-pg-post-1467 category-hardware-watercooling tags-watercooling-custom\" data-id=\"1467\">\n    <div class=\"eael-grid-post-holder\">\n        <div class=\"eael-grid-post-holder-inner\"><div class=\"eael-entry-media\"><div class=\"eael-entry-overlay fade-in\"><i class=\"fas fa-long-arrow-alt-right\" aria-hidden=\"true\"><\/i><a href=\"https:\/\/racingtech.fr\/?p=1467\"><\/a><\/div><div class=\"eael-entry-thumbnail \">\n                            <img decoding=\"async\" width=\"297\" height=\"300\" src=\"https:\/\/racingtech.fr\/wp-content\/uploads\/2023\/05\/waterblock-297x300.jpg\" class=\"attachment-medium size-medium wp-image-1474\" alt=\"\" srcset=\"https:\/\/racingtech.fr\/wp-content\/uploads\/2023\/05\/waterblock-297x300.jpg 297w, https:\/\/racingtech.fr\/wp-content\/uploads\/2023\/05\/waterblock-1013x1024.jpg 1013w, https:\/\/racingtech.fr\/wp-content\/uploads\/2023\/05\/waterblock-768x776.jpg 768w, https:\/\/racingtech.fr\/wp-content\/uploads\/2023\/05\/waterblock.jpg 1155w\" sizes=\"(max-width: 297px) 100vw, 297px\" \/>\n                            <\/div>\n                    <\/div><div class=\"eael-entry-wrapper\"><header class=\"eael-entry-header\"><h2 class=\"eael-entry-title\"><a class=\"eael-grid-post-link\" href=\"https:\/\/racingtech.fr\/?p=1467\" title=\"R\u00e9ception du mat\u00e9riel &#8211; watercooling custom cpu\">R\u00e9ception du mat\u00e9riel &#8211; watercooling custom cpu<\/a><\/h2><\/header><div class=\"eael-entry-content\">\n                                <div class=\"eael-grid-post-excerpt\"><p>Les \u00e9l\u00e9ments n\u00e9cessaires \u00e0 l'\u00e9volution de mon watercooling custom sont...<\/p><a href=\"https:\/\/racingtech.fr\/?p=1467\" class=\"eael-post-elements-readmore-btn\">Lire la suite \u00bb<\/a><\/div>\n                            <\/div><div class=\"eael-entry-header-after style-two\"><div class=\"eael-author-avatar\"><a href=\"https:\/\/racingtech.fr\/?author=1\"><img alt='Lilian' src='https:\/\/secure.gravatar.com\/avatar\/769c3a96b61519d28fa84cdbd6c0bf23fc978d3332f29db7e2546a0768087589?s=96&#038;d=mm&#038;r=g' srcset='https:\/\/secure.gravatar.com\/avatar\/769c3a96b61519d28fa84cdbd6c0bf23fc978d3332f29db7e2546a0768087589?s=192&#038;d=mm&#038;r=g 2x' class='avatar avatar-96 photo' height='96' width='96' \/><\/a><\/div><div class=\"eael-entry-meta\"><span class=\"eael-posted-by style-two-footer\"><a href=\"https:\/\/racingtech.fr\/?author=1\" title=\"Posts by Lilian\" rel=\"author\">Lilian<\/a><\/span><span class=\"eael-meta-posted-on\"><i class=\"far fa-clock\"><\/i><time datetime=\"20 mai 2023\">20 mai 2023<\/time><\/span><\/div><\/div><\/div><\/div>\n    <\/div>\n<\/article><\/div>\n            <div class=\"clearfix\"><\/div>\n        <\/div>            <div class=\"eael-load-more-button-wrap eael-force-hide\">\n                <button class=\"eael-load-more-button\" id=\"eael-load-more-btn-310d0b2\" data-widget-id=\"310d0b2\" data-widget=\"310d0b2\" data-page-id=\"933\" data-template=\"{&quot;dir&quot;:&quot;lite&quot;,&quot;file_name&quot;:&quot;two.php&quot;,&quot;name&quot;:&quot;Post-Grid&quot;}\" data-class=\"Essential_Addons_Elementor\\Elements\\Post_Grid\" data-layout=\"masonry\" data-page=\"1\" data-args=\"orderby=date&amp;order=desc&amp;ignore_sticky_posts=1&amp;post_status=publish&amp;posts_per_page=3&amp;offset=0&amp;post_type=post\" data-max-page=\"4\">\n                    <span class=\"eael-btn-loader button__loader\"><\/span>\n                    <span class=\"eael_load_more_text\">Load More<\/span>\n                <\/button>\n            <\/div>\n            \t\t\t\t<\/div>\n\t\t\t\t<\/div>\n\t\t\t\t\t<\/div>\n\t\t<\/div>\n\t\t\t\t\t<\/div>\n\t\t<\/section>\n\t\t\t\t<section class=\"elementor-section elementor-top-section elementor-element elementor-element-9b87a5c elementor-section-boxed elementor-section-height-default elementor-section-height-default\" data-id=\"9b87a5c\" data-element_type=\"section\" data-e-type=\"section\">\n\t\t\t\t\t\t<div class=\"elementor-container elementor-column-gap-default\">\n\t\t\t\t\t<div class=\"elementor-column elementor-col-100 elementor-top-column elementor-element elementor-element-efd0d68\" data-id=\"efd0d68\" data-element_type=\"column\" data-e-type=\"column\">\n\t\t\t<div class=\"elementor-widget-wrap elementor-element-populated\">\n\t\t\t\t\t\t<div class=\"elementor-element elementor-element-d5401d4 elementor-widget-divider--view-line elementor-widget elementor-widget-divider\" data-id=\"d5401d4\" data-element_type=\"widget\" data-e-type=\"widget\" data-widget_type=\"divider.default\">\n\t\t\t\t<div class=\"elementor-widget-container\">\n\t\t\t\t\t\t\t<div class=\"elementor-divider\">\n\t\t\t<span class=\"elementor-divider-separator\">\n\t\t\t\t\t\t<\/span>\n\t\t<\/div>\n\t\t\t\t\t\t<\/div>\n\t\t\t\t<\/div>\n\t\t\t\t\t<\/div>\n\t\t<\/div>\n\t\t\t\t\t<\/div>\n\t\t<\/section>\n\t\t\t\t<section class=\"elementor-section elementor-top-section elementor-element elementor-element-27ae432 elementor-section-boxed elementor-section-height-default elementor-section-height-default\" data-id=\"27ae432\" data-element_type=\"section\" data-e-type=\"section\">\n\t\t\t\t\t\t<div class=\"elementor-container elementor-column-gap-default\">\n\t\t\t\t\t<div class=\"elementor-column elementor-col-100 elementor-top-column elementor-element elementor-element-0e660e7\" data-id=\"0e660e7\" data-element_type=\"column\" data-e-type=\"column\">\n\t\t\t<div class=\"elementor-widget-wrap elementor-element-populated\">\n\t\t\t\t\t\t<div class=\"elementor-element elementor-element-9902524 elementor-widget elementor-widget-heading\" data-id=\"9902524\" data-element_type=\"widget\" data-e-type=\"widget\" data-widget_type=\"heading.default\">\n\t\t\t\t<div class=\"elementor-widget-container\">\n\t\t\t\t\t<h2 class=\"elementor-heading-title elementor-size-default\">Review<\/h2>\t\t\t\t<\/div>\n\t\t\t\t<\/div>\n\t\t\t\t<div class=\"elementor-element elementor-element-b6cb30d elementor-widget elementor-widget-text-editor\" data-id=\"b6cb30d\" data-element_type=\"widget\" data-e-type=\"widget\" data-widget_type=\"text-editor.default\">\n\t\t\t\t<div class=\"elementor-widget-container\">\n\t\t\t\t\t\t\t\t\t<p>Retrouvez tous nos test de volants, bases, p\u00e9daliers, hardware &#8230;<\/p>\t\t\t\t\t\t\t\t<\/div>\n\t\t\t\t<\/div>\n\t\t\t\t<section class=\"elementor-section elementor-inner-section elementor-element elementor-element-f8d6800 elementor-section-boxed elementor-section-height-default elementor-section-height-default\" data-id=\"f8d6800\" data-element_type=\"section\" data-e-type=\"section\">\n\t\t\t\t\t\t<div class=\"elementor-container elementor-column-gap-default\">\n\t\t\t\t\t<div class=\"elementor-column elementor-col-50 elementor-inner-column elementor-element elementor-element-f4d161b\" data-id=\"f4d161b\" data-element_type=\"column\" data-e-type=\"column\">\n\t\t\t<div class=\"elementor-widget-wrap elementor-element-populated\">\n\t\t\t\t\t\t<div class=\"elementor-element elementor-element-4cdccb7 elementor-position-top elementor-widget elementor-widget-image-box\" data-id=\"4cdccb7\" data-element_type=\"widget\" data-e-type=\"widget\" data-widget_type=\"image-box.default\">\n\t\t\t\t<div class=\"elementor-widget-container\">\n\t\t\t\t\t<div class=\"elementor-image-box-wrapper\"><figure class=\"elementor-image-box-img\"><a href=\"https:\/\/racingtech.fr\/review\/\" tabindex=\"-1\"><img loading=\"lazy\" decoding=\"async\" width=\"150\" height=\"150\" src=\"https:\/\/racingtech.fr\/wp-content\/uploads\/2022\/12\/activepedal-150x150.png\" class=\"attachment-thumbnail size-thumbnail wp-image-819\" alt=\"\" \/><\/a><\/figure><div class=\"elementor-image-box-content\"><h3 class=\"elementor-image-box-title\"><a href=\"https:\/\/racingtech.fr\/review\/\">SimRacing<\/a><\/h3><p class=\"elementor-image-box-description\">Tous nos tests sur du mat\u00e9riel simracing, volants, bases, p\u00e9daliers ...<\/p><\/div><\/div>\t\t\t\t<\/div>\n\t\t\t\t<\/div>\n\t\t\t\t\t<\/div>\n\t\t<\/div>\n\t\t\t\t<div class=\"elementor-column elementor-col-50 elementor-inner-column elementor-element elementor-element-fd7f9ad\" data-id=\"fd7f9ad\" data-element_type=\"column\" data-e-type=\"column\">\n\t\t\t<div class=\"elementor-widget-wrap elementor-element-populated\">\n\t\t\t\t\t\t<div class=\"elementor-element elementor-element-c51c89b elementor-position-top elementor-widget elementor-widget-image-box\" data-id=\"c51c89b\" data-element_type=\"widget\" data-e-type=\"widget\" data-widget_type=\"image-box.default\">\n\t\t\t\t<div class=\"elementor-widget-container\">\n\t\t\t\t\t<div class=\"elementor-image-box-wrapper\"><figure class=\"elementor-image-box-img\"><a href=\"https:\/\/racingtech.fr\/review\/\" tabindex=\"-1\"><img loading=\"lazy\" decoding=\"async\" width=\"150\" height=\"150\" src=\"https:\/\/racingtech.fr\/wp-content\/uploads\/2022\/12\/nvidia-rtx-3080-ti-150x150.webp\" class=\"attachment-thumbnail size-thumbnail wp-image-979\" alt=\"\" srcset=\"https:\/\/racingtech.fr\/wp-content\/uploads\/2022\/12\/nvidia-rtx-3080-ti-150x150.webp 150w, https:\/\/racingtech.fr\/wp-content\/uploads\/2022\/12\/nvidia-rtx-3080-ti-300x300.webp 300w, https:\/\/racingtech.fr\/wp-content\/uploads\/2022\/12\/nvidia-rtx-3080-ti-1024x1024.webp 1024w, https:\/\/racingtech.fr\/wp-content\/uploads\/2022\/12\/nvidia-rtx-3080-ti-768x768.webp 768w, https:\/\/racingtech.fr\/wp-content\/uploads\/2022\/12\/nvidia-rtx-3080-ti.webp 1280w\" sizes=\"(max-width: 150px) 100vw, 150px\" \/><\/a><\/figure><div class=\"elementor-image-box-content\"><h3 class=\"elementor-image-box-title\"><a href=\"https:\/\/racingtech.fr\/review\/\">Hardware\/Tech<\/a><\/h3><p class=\"elementor-image-box-description\">Tous nos tests sur les processeurs, cartes graphiques, watercooling ...<\/p><\/div><\/div>\t\t\t\t<\/div>\n\t\t\t\t<\/div>\n\t\t\t\t\t<\/div>\n\t\t<\/div>\n\t\t\t\t\t<\/div>\n\t\t<\/section>\n\t\t\t\t\t<\/div>\n\t\t<\/div>\n\t\t\t\t\t<\/div>\n\t\t<\/section>\n\t\t\t\t<section class=\"elementor-section elementor-top-section elementor-element elementor-element-6bc4521 elementor-section-boxed elementor-section-height-default elementor-section-height-default\" data-id=\"6bc4521\" data-element_type=\"section\" data-e-type=\"section\">\n\t\t\t\t\t\t<div class=\"elementor-container elementor-column-gap-default\">\n\t\t\t\t\t<div class=\"elementor-column elementor-col-100 elementor-top-column elementor-element elementor-element-4c9f650\" data-id=\"4c9f650\" data-element_type=\"column\" data-e-type=\"column\">\n\t\t\t<div class=\"elementor-widget-wrap elementor-element-populated\">\n\t\t\t\t\t\t<div class=\"elementor-element elementor-element-1c084a4 elementor-widget-divider--view-line elementor-widget elementor-widget-divider\" data-id=\"1c084a4\" data-element_type=\"widget\" data-e-type=\"widget\" data-widget_type=\"divider.default\">\n\t\t\t\t<div class=\"elementor-widget-container\">\n\t\t\t\t\t\t\t<div class=\"elementor-divider\">\n\t\t\t<span class=\"elementor-divider-separator\">\n\t\t\t\t\t\t<\/span>\n\t\t<\/div>\n\t\t\t\t\t\t<\/div>\n\t\t\t\t<\/div>\n\t\t\t\t<div class=\"elementor-element elementor-element-665fe62 elementor-widget elementor-widget-heading\" data-id=\"665fe62\" data-element_type=\"widget\" data-e-type=\"widget\" data-widget_type=\"heading.default\">\n\t\t\t\t<div class=\"elementor-widget-container\">\n\t\t\t\t\t<h2 class=\"elementor-heading-title elementor-size-default\">Notre derni\u00e8re vid\u00e9o<\/h2>\t\t\t\t<\/div>\n\t\t\t\t<\/div>\n\t\t\t\t<div class=\"elementor-element elementor-element-129ea3f elementor-widget elementor-widget-video\" data-id=\"129ea3f\" data-element_type=\"widget\" data-e-type=\"widget\" data-settings=\"{&quot;youtube_url&quot;:&quot;https:\\\/\\\/youtu.be\\\/9V92wkWBQkg&quot;,&quot;video_type&quot;:&quot;youtube&quot;,&quot;controls&quot;:&quot;yes&quot;}\" data-widget_type=\"video.default\">\n\t\t\t\t<div class=\"elementor-widget-container\">\n\t\t\t\t\t\t\t<div class=\"elementor-wrapper elementor-open-inline\">\n\t\t\t<div class=\"elementor-video\"><\/div>\t\t<\/div>\n\t\t\t\t\t\t<\/div>\n\t\t\t\t<\/div>\n\t\t\t\t\t<\/div>\n\t\t<\/div>\n\t\t\t\t\t<\/div>\n\t\t<\/section>\n\t\t\t\t<\/div>\n\t\t","protected":false},"excerpt":{"rendered":"<p>Nos derni\u00e8res news Vid\u00e9o combien \u00e7a co\u00fbte Iracing Vous voulez savoir ce que vous pouvez faire dans Iracing&#8230; Lire la suite \u00bb Lilian4 novembre 2022 P\u00e9dale SimuCube ActivePedal SimuCube se lance dans les p\u00e9dales de simracing avec l&rsquo;ActivePedal Lire la suite \u00bb Lilian27 octobre 2022 3080 Ti FE watercooling custom #2 Avec quels mat\u00e9riels watercooler [&hellip;]<\/p>\n","protected":false},"author":1,"featured_media":0,"parent":0,"menu_order":0,"comment_status":"closed","ping_status":"closed","template":"","meta":{"om_disable_all_campaigns":false,"_monsterinsights_skip_tracking":false,"_monsterinsights_sitenote_active":false,"_monsterinsights_sitenote_note":"","_monsterinsights_sitenote_category":0,"site-sidebar-layout":"no-sidebar","site-content-layout":"page-builder","ast-site-content-layout":"default","site-content-style":"default","site-sidebar-style":"default","ast-global-header-display":"","ast-banner-title-visibility":"","ast-main-header-display":"","ast-hfb-above-header-display":"","ast-hfb-below-header-display":"","ast-hfb-mobile-header-display":"","site-post-title":"disabled","ast-breadcrumbs-content":"","ast-featured-img":"disabled","footer-sml-layout":"","ast-disable-related-posts":"","theme-transparent-header-meta":"","adv-header-id-meta":"","stick-header-meta":"","header-above-stick-meta":"","header-main-stick-meta":"","header-below-stick-meta":"","astra-migrate-meta-layouts":"default","ast-page-background-enabled":"default","ast-page-background-meta":{"desktop":{"background-color":"","background-image":"","background-repeat":"repeat","background-position":"center center","background-size":"auto","background-attachment":"scroll","background-type":"","background-media":"","overlay-type":"","overlay-color":"","overlay-opacity":"","overlay-gradient":""},"tablet":{"background-color":"","background-image":"","background-repeat":"repeat","background-position":"center center","background-size":"auto","background-attachment":"scroll","background-type":"","background-media":"","overlay-type":"","overlay-color":"","overlay-opacity":"","overlay-gradient":""},"mobile":{"background-color":"","background-image":"","background-repeat":"repeat","background-position":"center center","background-size":"auto","background-attachment":"scroll","background-type":"","background-media":"","overlay-type":"","overlay-color":"","overlay-opacity":"","overlay-gradient":""}},"ast-content-background-meta":{"desktop":{"background-color":"var(--ast-global-color-5)","background-image":"","background-repeat":"repeat","background-position":"center center","background-size":"auto","background-attachment":"scroll","background-type":"","background-media":"","overlay-type":"","overlay-color":"","overlay-opacity":"","overlay-gradient":""},"tablet":{"background-color":"var(--ast-global-color-5)","background-image":"","background-repeat":"repeat","background-position":"center center","background-size":"auto","background-attachment":"scroll","background-type":"","background-media":"","overlay-type":"","overlay-color":"","overlay-opacity":"","overlay-gradient":""},"mobile":{"background-color":"var(--ast-global-color-5)","background-image":"","background-repeat":"repeat","background-position":"center center","background-size":"auto","background-attachment":"scroll","background-type":"","background-media":"","overlay-type":"","overlay-color":"","overlay-opacity":"","overlay-gradient":""}},"footnotes":""},"class_list":["post-933","page","type-page","status-publish","hentry"],"aioseo_notices":[],"_links":{"self":[{"href":"https:\/\/racingtech.fr\/index.php?rest_route=\/wp\/v2\/pages\/933","targetHints":{"allow":["GET"]}}],"collection":[{"href":"https:\/\/racingtech.fr\/index.php?rest_route=\/wp\/v2\/pages"}],"about":[{"href":"https:\/\/racingtech.fr\/index.php?rest_route=\/wp\/v2\/types\/page"}],"author":[{"embeddable":true,"href":"https:\/\/racingtech.fr\/index.php?rest_route=\/wp\/v2\/users\/1"}],"replies":[{"embeddable":true,"href":"https:\/\/racingtech.fr\/index.php?rest_route=%2Fwp%2Fv2%2Fcomments&post=933"}],"version-history":[{"count":54,"href":"https:\/\/racingtech.fr\/index.php?rest_route=\/wp\/v2\/pages\/933\/revisions"}],"predecessor-version":[{"id":1243,"href":"https:\/\/racingtech.fr\/index.php?rest_route=\/wp\/v2\/pages\/933\/revisions\/1243"}],"wp:attachment":[{"href":"https:\/\/racingtech.fr\/index.php?rest_route=%2Fwp%2Fv2%2Fmedia&parent=933"}],"curies":[{"name":"wp","href":"https:\/\/api.w.org\/{rel}","templated":true}]}}